{"id":60,"date":"2025-01-21T02:41:29","date_gmt":"2025-01-21T00:41:29","guid":{"rendered":"http:\/\/www.rauhankyyhkynen.fi\/?page_id=60"},"modified":"2025-01-24T03:19:25","modified_gmt":"2025-01-24T01:19:25","slug":"rauhankyyhkynen","status":"publish","type":"page","link":"http:\/\/www.rauhankyyhkynen.fi\/?page_id=60","title":{"rendered":"Rauhankyyhkynen"},"content":{"rendered":"\n<p>Rauhankyyhkynen on kristillinen verkkolehti, joka julkaisee kristillisi\u00e4 uutisia sek\u00e4 Suomesta ett\u00e4 ulkomailta. Rauhankyyhkynen ei edusta mit\u00e4\u00e4n tietty\u00e4 kristinuskon suuntaa, vaan julkaisee kaikkia niit\u00e4 uutisia, joiden sanoma perustuu Raamatun ilmoituksen mukaiseen kristinuskoon. <br><br>Yhteytt\u00e4 voi ottaa l\u00e4hett\u00e4m\u00e4ll\u00e4 postia osoitteeseen <a href=\"mailto:rauhankyyhkynen@rauhankyyhkynen.fi\">rauhankyyhkynen@rauhankyyhkynen.fi<\/a>.<\/p>\n<!--\n<p>Rauhankyyhkynen on kristillinen verkkolehti, joka julkaisee kristillisi\u00e4 uutisia sek\u00e4 Suomesta ett\u00e4 ulkomailta. Rauhankyyhkynen ei edusta mit\u00e4\u00e4n tietty\u00e4 kristinuskon suuntaa, vaan julkaisee kaikkia niit\u00e4 uutisia, joiden sanoma perustuu Raamatun ilmoituksen mukaiseen kristinuskoon. Rajan veto kristillisen ja ep\u00e4kristillisen sis\u00e4ll\u00f6n v\u00e4lill\u00e4 tehd\u00e4\u00e4n sen mukaan onko tarkasteltavana oleva n\u00e4kemys Raamatun ilmoituksen mukainen vai onko Raamatun ilmoittama totuus pyritty korvaamaan ihmisj\u00e4rjen mukaisella moraalipohdinnalla. Rauhankyyhkynen ei halua edist\u00e4\u00e4 kristinuskon korvaamista yleisell\u00e4 l\u00e4nsimaissa lis\u00e4\u00e4ntyneell\u00e4 moraalipohdinnalla, vaan keskittyy pelk\u00e4st\u00e4\u00e4n Raamatun mukaisen kristinuskon sanoman edist\u00e4miseen.<br><br>Yhteytt\u00e4 voi ottaa l\u00e4hett\u00e4m\u00e4ll\u00e4 postia osoitteeseen <a href=\"mailto:rauhankyyhkynen@rauhankyyhkynen.fi\">rauhankyyhkynen@rauhankyyhkynen.fi<\/a>.<\/p>\n-->\n","protected":false},"excerpt":{"rendered":"<p>Rauhankyyhkynen on kristillinen verkkolehti, joka julkaisee kristillisi\u00e4 uutisia sek\u00e4 Suomesta ett\u00e4 ulkomailta. Rauhankyyhkynen ei edusta mit\u00e4\u00e4n tietty\u00e4 kristinuskon suuntaa, vaan julkaisee kaikkia niit\u00e4 uutisia, joiden sanoma perustuu Raamatun ilmoituksen mukaiseen kristinuskoon. Yhteytt\u00e4&#8230;<\/p>\n","protected":false},"author":2,"featured_media":0,"parent":0,"menu_order":0,"comment_status":"closed","ping_status":"closed","template":"","meta":{"footnotes":""},"class_list":["post-60","page","type-page","status-publish","hentry"],"_links":{"self":[{"href":"http:\/\/www.rauhankyyhkynen.fi\/index.php?rest_route=\/wp\/v2\/pages\/60","targetHints":{"allow":["GET"]}}],"collection":[{"href":"http:\/\/www.rauhankyyhkynen.fi\/index.php?rest_route=\/wp\/v2\/pages"}],"about":[{"href":"http:\/\/www.rauhankyyhkynen.fi\/index.php?rest_route=\/wp\/v2\/types\/page"}],"author":[{"embeddable":true,"href":"http:\/\/www.rauhankyyhkynen.fi\/index.php?rest_route=\/wp\/v2\/users\/2"}],"replies":[{"embeddable":true,"href":"http:\/\/www.rauhankyyhkynen.fi\/index.php?rest_route=%2Fwp%2Fv2%2Fcomments&post=60"}],"version-history":[{"count":3,"href":"http:\/\/www.rauhankyyhkynen.fi\/index.php?rest_route=\/wp\/v2\/pages\/60\/revisions"}],"predecessor-version":[{"id":98,"href":"http:\/\/www.rauhankyyhkynen.fi\/index.php?rest_route=\/wp\/v2\/pages\/60\/revisions\/98"}],"wp:attachment":[{"href":"http:\/\/www.rauhankyyhkynen.fi\/index.php?rest_route=%2Fwp%2Fv2%2Fmedia&parent=60"}],"curies":[{"name":"wp","href":"https:\/\/api.w.org\/{rel}","templated":true}]}}